{"id":882,"date":"2021-06-29T05:54:17","date_gmt":"2021-06-29T05:54:17","guid":{"rendered":"https:\/\/cpa-solutions.com\/?page_id=882"},"modified":"2025-06-21T21:15:14","modified_gmt":"2025-06-22T00:15:14","slug":"home","status":"publish","type":"page","link":"https:\/\/cpa-solutions.com\/","title":{"rendered":"Home"},"content":{"rendered":"\n<div class=\"wp-block-uagb-container uagb-block-7d18f126 alignfull uagb-is-root-container\"><div class=\"uagb-container-inner-blocks-wrap\">\n<div class=\"wp-block-uagb-container uag-blocks-common-selector uagb-block-ffce66e5\">\n<div class=\"wp-block-uagb-info-box uagb-block-12e99df7 uagb-infobox__content-wrap  uagb-infobox-icon-above-title uagb-infobox-image-valign-top\"><div class=\"uagb-ifb-content\"><div class=\"uagb-ifb-title-wrap\"><span class=\"uagb-ifb-title-prefix\">CPA Solutions<\/span><h5 class=\"uagb-ifb-title\">Practical Financial Advice You Can Count On<\/h5><\/div><p class=\"uagb-ifb-desc\">Invest your time and efforts on running your business. Leave the accounting to us.<\/p><\/div><\/div>\n\n\n\n<div class=\"wp-block-uagb-icon-list uagb-block-ed3368ed\"><div class=\"uagb-icon-list__wrap\">\n<div class=\"wp-block-uagb-icon-list-child uagb-block-b21a8029\"><span class=\"uagb-icon-list__source-wrap\"><svg xmlns=\"https:\/\/www.w3.org\/2000\/svg\" viewBox=\"0 0 512 512\"><path d=\"M0 256C0 114.6 114.6 0 256 0C397.4 0 512 114.6 512 256C512 397.4 397.4 512 256 512C114.6 512 0 397.4 0 256zM371.8 211.8C382.7 200.9 382.7 183.1 371.8 172.2C360.9 161.3 343.1 161.3 332.2 172.2L224 280.4L179.8 236.2C168.9 225.3 151.1 225.3 140.2 236.2C129.3 247.1 129.3 264.9 140.2 275.8L204.2 339.8C215.1 350.7 232.9 350.7 243.8 339.8L371.8 211.8z\"><\/path><\/svg><\/span><span class=\"uagb-icon-list__label\">Trusted<\/span><\/div>\n\n\n\n<div class=\"wp-block-uagb-icon-list-child uagb-block-f167233b\"><span class=\"uagb-icon-list__source-wrap\"><svg xmlns=\"https:\/\/www.w3.org\/2000\/svg\" viewBox=\"0 0 512 512\"><path d=\"M0 256C0 114.6 114.6 0 256 0C397.4 0 512 114.6 512 256C512 397.4 397.4 512 256 512C114.6 512 0 397.4 0 256zM371.8 211.8C382.7 200.9 382.7 183.1 371.8 172.2C360.9 161.3 343.1 161.3 332.2 172.2L224 280.4L179.8 236.2C168.9 225.3 151.1 225.3 140.2 236.2C129.3 247.1 129.3 264.9 140.2 275.8L204.2 339.8C215.1 350.7 232.9 350.7 243.8 339.8L371.8 211.8z\"><\/path><\/svg><\/span><span class=\"uagb-icon-list__label\">Experienced<\/span><\/div>\n\n\n\n<div class=\"wp-block-uagb-icon-list-child uagb-block-7d7afb5f\"><span class=\"uagb-icon-list__source-wrap\"><svg xmlns=\"https:\/\/www.w3.org\/2000\/svg\" viewBox=\"0 0 512 512\"><path d=\"M0 256C0 114.6 114.6 0 256 0C397.4 0 512 114.6 512 256C512 397.4 397.4 512 256 512C114.6 512 0 397.4 0 256zM371.8 211.8C382.7 200.9 382.7 183.1 371.8 172.2C360.9 161.3 343.1 161.3 332.2 172.2L224 280.4L179.8 236.2C168.9 225.3 151.1 225.3 140.2 236.2C129.3 247.1 129.3 264.9 140.2 275.8L204.2 339.8C215.1 350.7 232.9 350.7 243.8 339.8L371.8 211.8z\"><\/path><\/svg><\/span><span class=\"uagb-icon-list__label\">Professional<\/span><\/div>\n<\/div><\/div>\n<\/div>\n\n\n\n<div class=\"wp-block-uagb-container uag-blocks-common-selector uagb-block-80bb8f9b\">\n<figure class=\"wp-block-image alignfull size-full\"><img fetchpriority=\"high\" decoding=\"async\" width=\"433\" height=\"433\" src=\"https:\/\/cpa-solutions.com\/wp-content\/uploads\/2023\/07\/robot-removebg-preview-edited.png\" alt=\"\" class=\"wp-image-875\" srcset=\"https:\/\/cpa-solutions.com\/wp-content\/uploads\/2023\/07\/robot-removebg-preview-edited.png 433w, https:\/\/cpa-solutions.com\/wp-content\/uploads\/2023\/07\/robot-removebg-preview-edited-300x300.png 300w, https:\/\/cpa-solutions.com\/wp-content\/uploads\/2023\/07\/robot-removebg-preview-edited-150x150.png 150w\" sizes=\"(max-width: 433px) 100vw, 433px\" \/><\/figure>\n<\/div>\n<\/div><\/div>\n\n\n\n<div class=\"wp-block-uagb-container uagb-block-ed4e6873 alignfull uagb-is-root-container\"><div class=\"uagb-container-inner-blocks-wrap\">\n<div class=\"wp-block-uagb-info-box uagb-block-8cd30d0f uagb-infobox__content-wrap  uagb-infobox-icon-above-title uagb-infobox-image-valign-top\"><div class=\"uagb-ifb-content\"><div class=\"uagb-ifb-title-wrap\"><span class=\"uagb-ifb-title-prefix\"><strong><strong>WHY CHOOSE ME\u200b<\/strong><\/strong><\/span><h2 class=\"uagb-ifb-title\">Accurate Record Keeping\u200b<\/h2><\/div><p class=\"uagb-ifb-desc\">We are your strategic ally, boosting your finances with professionalism and allowing you to take control of your company.<\/p><\/div><\/div>\n\n\n\n<div class=\"wp-block-uagb-container uagb-block-51480cd3\">\n<div class=\"wp-block-uagb-container uagb-block-a3b19b1f\">\n<div class=\"wp-block-uagb-info-box uagb-block-32996340 uagb-infobox__content-wrap  uagb-infobox-icon-above-title uagb-infobox-image-valign-top\"><div class=\"uagb-ifb-content\"><div class=\"uagb-ifb-icon-wrap\"><div class=\"uagb-iconbox-icon-wrap uagb-infobox-shape-circle\"><svg xmlns=\"https:\/\/www.w3.org\/2000\/svg\" viewBox=\"0 0 448 512\"><path d=\"M160 32V64H288V32C288 14.33 302.3 0 320 0C337.7 0 352 14.33 352 32V64H400C426.5 64 448 85.49 448 112V160H0V112C0 85.49 21.49 64 48 64H96V32C96 14.33 110.3 0 128 0C145.7 0 160 14.33 160 32zM0 192H448V464C448 490.5 426.5 512 400 512H48C21.49 512 0 490.5 0 464V192zM328.1 304.1C338.3 295.6 338.3 280.4 328.1 271C319.6 261.7 304.4 261.7 295 271L200 366.1L152.1 319C143.6 309.7 128.4 309.7 119 319C109.7 328.4 109.7 343.6 119 352.1L183 416.1C192.4 426.3 207.6 426.3 216.1 416.1L328.1 304.1z\"><\/path><\/svg><\/div><\/div><div class=\"uagb-ifb-title-wrap\"><h4 class=\"uagb-ifb-title\"><strong>Always On Time\u200b<\/strong><\/h4><\/div><p class=\"uagb-ifb-desc\">Efficiently delivered financial insights, on schedule.<\/p><\/div><\/div>\n<\/div>\n\n\n\n<div class=\"wp-block-uagb-container uagb-block-075e3912\">\n<div class=\"wp-block-uagb-info-box uagb-block-82e744b2 uagb-infobox__content-wrap  uagb-infobox-icon-above-title uagb-infobox-image-valign-top\"><div class=\"uagb-ifb-content\"><div class=\"uagb-ifb-icon-wrap\"><div class=\"uagb-iconbox-icon-wrap uagb-infobox-shape-circle\"><svg xmlns=\"https:\/\/www.w3.org\/2000\/svg\" viewBox=\"0 0 512 512\"><path d=\"M0 144v288C0 457.6 22.41 480 48 480H96V96H48C22.41 96 0 118.4 0 144zM336 0h-160C150.4 0 128 22.41 128 48V480h256V48C384 22.41 361.6 0 336 0zM336 96h-160V48h160V96zM464 96H416v384h48c25.59 0 48-22.41 48-48v-288C512 118.4 489.6 96 464 96z\"><\/path><\/svg><\/div><\/div><div class=\"uagb-ifb-title-wrap\"><h4 class=\"uagb-ifb-title\"><strong><strong>Hard Working\u200b<\/strong><\/strong><\/h4><\/div><p class=\"uagb-ifb-desc\">Meticulous attention to detail in all your accounting needs.<\/p><\/div><\/div>\n<\/div>\n\n\n\n<div class=\"wp-block-uagb-container uagb-block-32c037db\">\n<div class=\"wp-block-uagb-info-box uagb-block-a999af70 uagb-infobox__content-wrap  uagb-infobox-icon-above-title uagb-infobox-image-valign-top\"><div class=\"uagb-ifb-content\"><div class=\"uagb-ifb-icon-wrap\"><div class=\"uagb-iconbox-icon-wrap uagb-infobox-shape-circle\"><svg xmlns=\"https:\/\/www.w3.org\/2000\/svg\" viewBox=\"0 0 512 512\"><path d=\"M256 512C114.6 512 0 397.4 0 256C0 114.6 114.6 0 256 0C397.4 0 512 114.6 512 256C512 397.4 397.4 512 256 512zM232 256C232 264 236 271.5 242.7 275.1L338.7 339.1C349.7 347.3 364.6 344.3 371.1 333.3C379.3 322.3 376.3 307.4 365.3 300L280 243.2V120C280 106.7 269.3 96 255.1 96C242.7 96 231.1 106.7 231.1 120L232 256z\"><\/path><\/svg><\/div><\/div><div class=\"uagb-ifb-title-wrap\"><h4 class=\"uagb-ifb-title\"><strong><strong>24\/7 Availability\u200b<\/strong><\/strong><\/h4><\/div><p class=\"uagb-ifb-desc\">Flexible support tailored to your business schedule.<\/p><\/div><\/div>\n<\/div>\n<\/div>\n<\/div><\/div>\n\n\n\n<div class=\"wp-block-uagb-container uagb-block-80cf9afa alignfull uagb-is-root-container\"><div class=\"uagb-container-inner-blocks-wrap\">\n<div class=\"wp-block-uagb-info-box uagb-block-6c8663c5 uagb-infobox__content-wrap  uagb-infobox-icon-above-title uagb-infobox-image-valign-top\"><div class=\"uagb-ifb-content\"><div class=\"uagb-ifb-title-wrap\"><span class=\"uagb-ifb-title-prefix\"><strong><strong><strong>TESTIMONIALS\u200b<\/strong><\/strong><\/strong><\/span><h2 class=\"uagb-ifb-title\">What My Clients Say?\u200b<\/h2><\/div><\/div><\/div>\n\n\n\n<div class=\"wp-block-uagb-container uagb-block-a3840c26\">\n<div class=\"wp-block-uagb-container uagb-block-f6e115b7\">\n<div class=\"wp-block-uagb-testimonial uagb-slick-carousel uagb-tm__arrow-outside uagb-block-7c784bf3 uagb-post__carousel_notset uagb-post__carousel_notset-tablet uagb-post__carousel_notset-mobile\"><div class=\"is-carousel uagb-tm__columns-1 uagb-tm__items\"><div class=\"uagb-testimonial__wrap  uagb-tm__imgicon-style-circle uagb-tm__image-position-top uagb-tm__bg-type-none \"><div class=\"uagb-tm__content\"><div class=\"uagb-tm__overlay\"><\/div><div class=\"uagb-tm__image-content\"><div class=\"uagb-tm__image\"><img loading=\"lazy\" decoding=\"async\" class=\"uagb-tm-img-src\" src=\"http:\/\/cpa-solutions.com\/wp-content\/uploads\/2022\/07\/quote.png\" alt=\"\" width=\"24\" height=\"24\" loading=\"lazy\"\/><\/div><\/div><div class=\"uagb-tm__text-wrap\"><div class=\"uagb-tm__desc\">The service is excellent. They helped us with everything we needed regarding tax returns and superannuation. They were timely, helpful, and clear. I recommend them 100%.<\/div><div class=\"uagb-tm__meta-inner\"><div class=\"uagb-testimonial-details\"><span class=\"uagb-tm__author-name\"><strong>Leidy Restrepo<\/strong><\/span><span class=\"uagb-tm__company\">Cleaner<\/span><\/div><\/div><\/div><\/div><\/div><\/div><\/div>\n<\/div>\n\n\n\n<div class=\"wp-block-uagb-container uagb-block-c22529f4\">\n<div class=\"wp-block-uagb-testimonial uagb-slick-carousel uagb-tm__arrow-outside uagb-block-6d75c643 uagb-post__carousel_notset uagb-post__carousel_notset-tablet uagb-post__carousel_notset-mobile\"><div class=\"is-carousel uagb-tm__columns-1 uagb-tm__items\"><div class=\"uagb-testimonial__wrap  uagb-tm__imgicon-style-circle uagb-tm__image-position-top uagb-tm__bg-type-none \"><div class=\"uagb-tm__content\"><div class=\"uagb-tm__overlay\"><\/div><div class=\"uagb-tm__image-content\"><div class=\"uagb-tm__image\"><img loading=\"lazy\" decoding=\"async\" class=\"uagb-tm-img-src\" src=\"http:\/\/cpa-solutions.com\/wp-content\/uploads\/2022\/07\/quote.png\" alt=\"\" width=\"24\" height=\"24\" loading=\"lazy\"\/><\/div><\/div><div class=\"uagb-tm__text-wrap\"><div class=\"uagb-tm__desc\">Me ayudaron con mi declaraci\u00f3n de impuestos y adem\u00e1s encontraron deducciones que yo no sab\u00eda que pod\u00eda aplicar. El resultado fue una devoluci\u00f3n mayor a la esperada. \u00a1Un servicio de diez! Eficientes, transparentes y comprometidos.<\/div><div class=\"uagb-tm__meta-inner\"><div class=\"uagb-testimonial-details\"><span class=\"uagb-tm__author-name\"><strong>Lucas P.<\/strong><\/span><span class=\"uagb-tm__company\">Carpintero<\/span><\/div><\/div><\/div><\/div><\/div><\/div><\/div>\n<\/div>\n\n\n\n<div class=\"wp-block-uagb-container uagb-block-3292e4ed\">\n<div class=\"wp-block-uagb-testimonial uagb-slick-carousel uagb-tm__arrow-outside uagb-block-6475f11d uagb-post__carousel_notset uagb-post__carousel_notset-tablet uagb-post__carousel_notset-mobile\"><div class=\"is-carousel uagb-tm__columns-1 uagb-tm__items\"><div class=\"uagb-testimonial__wrap  uagb-tm__imgicon-style-circle uagb-tm__image-position-top uagb-tm__bg-type-none \"><div class=\"uagb-tm__content\"><div class=\"uagb-tm__overlay\"><\/div><div class=\"uagb-tm__image-content\"><div class=\"uagb-tm__image\"><img loading=\"lazy\" decoding=\"async\" class=\"uagb-tm-img-src\" src=\"http:\/\/cpa-solutions.com\/wp-content\/uploads\/2022\/07\/quote.png\" alt=\"\" width=\"24\" height=\"24\" loading=\"lazy\"\/><\/div><\/div><div class=\"uagb-tm__text-wrap\"><div class=\"uagb-tm__desc\">Llevo a\u00f1os haciendo mi declaraci\u00f3n de impuestos, pero nunca hab\u00eda sentido tanta tranquilidad como con este estudio contable. Se encargaron de todo con una claridad y rapidez impresionantes. \u00a1Me devolvieron m\u00e1s de lo que esperaba! Los recomiendo con los ojos cerrados.<\/div><div class=\"uagb-tm__meta-inner\"><div class=\"uagb-testimonial-details\"><span class=\"uagb-tm__author-name\"><strong>Maria Liberti<\/strong><\/span><span class=\"uagb-tm__company\">Dise\u00f1adora gr\u00e1fica freelance\u200b<\/span><\/div><\/div><\/div><\/div><\/div><\/div><\/div>\n<\/div>\n<\/div>\n<\/div><\/div>\n","protected":false},"excerpt":{"rendered":"","protected":false},"author":1,"featured_media":0,"parent":0,"menu_order":0,"comment_status":"closed","ping_status":"closed","template":"","meta":{"_uag_custom_page_level_css":"","site-sidebar-layout":"no-sidebar","site-content-layout":"plain-container","ast-site-content-layout":"normal-width-container","site-content-style":"unboxed","site-sidebar-style":"unboxed","ast-global-header-display":"","ast-banner-title-visibility":"","ast-main-header-display":"","ast-hfb-above-header-display":"","ast-hfb-below-header-display":"","ast-hfb-mobile-header-display":"","site-post-title":"disabled","ast-breadcrumbs-content":"","ast-featured-img":"disabled","footer-sml-layout":"","theme-transparent-header-meta":"enabled","adv-header-id-meta":"","stick-header-meta":"","header-above-stick-meta":"","header-main-stick-meta":"","header-below-stick-meta":"","astra-migrate-meta-layouts":"set","ast-page-background-enabled":"default","ast-page-background-meta":{"desktop":{"background-color":"var(--ast-global-color-4)","background-image":"","background-repeat":"repeat","background-position":"center center","background-size":"auto","background-attachment":"scroll","background-type":"","background-media":"","overlay-type":"","overlay-color":"","overlay-opacity":"","overlay-gradient":""},"tablet":{"background-color":"","background-image":"","background-repeat":"repeat","background-position":"center center","background-size":"auto","background-attachment":"scroll","background-type":"","background-media":"","overlay-type":"","overlay-color":"","overlay-opacity":"","overlay-gradient":""},"mobile":{"background-color":"","background-image":"","background-repeat":"repeat","background-position":"center center","background-size":"auto","background-attachment":"scroll","background-type":"","background-media":"","overlay-type":"","overlay-color":"","overlay-opacity":"","overlay-gradient":""}},"ast-content-background-meta":{"desktop":{"background-color":"var(--ast-global-color-5)","background-image":"","background-repeat":"repeat","background-position":"center center","background-size":"auto","background-attachment":"scroll","background-type":"","background-media":"","overlay-type":"","overlay-color":"","overlay-opacity":"","overlay-gradient":""},"tablet":{"background-color":"var(--ast-global-color-5)","background-image":"","background-repeat":"repeat","background-position":"center center","background-size":"auto","background-attachment":"scroll","background-type":"","background-media":"","overlay-type":"","overlay-color":"","overlay-opacity":"","overlay-gradient":""},"mobile":{"background-color":"var(--ast-global-color-5)","background-image":"","background-repeat":"repeat","background-position":"center center","background-size":"auto","background-attachment":"scroll","background-type":"","background-media":"","overlay-type":"","overlay-color":"","overlay-opacity":"","overlay-gradient":""}},"footnotes":""},"class_list":["post-882","page","type-page","status-publish","hentry"],"yoast_head":"<!-- This site is optimized with the Yoast SEO plugin v27.1.1 - https:\/\/yoast.com\/product\/yoast-seo-wordpress\/ -->\n<title>Home - cpai-solutions.com<\/title>\n<meta name=\"description\" content=\"We are your strategic ally, boosting your finances with professionalism and allowing you to take control of your company.\" \/>\n<meta name=\"robots\" content=\"index, follow, max-snippet:-1, max-image-preview:large, max-video-preview:-1\" \/>\n<link rel=\"canonical\" href=\"https:\/\/cpa-solutions.com\/\" \/>\n<meta property=\"og:locale\" content=\"es_ES\" \/>\n<meta property=\"og:type\" content=\"article\" \/>\n<meta property=\"og:title\" content=\"Home - cpai-solutions.com\" \/>\n<meta property=\"og:description\" content=\"We are your strategic ally, boosting your finances with professionalism and allowing you to take control of your company.\" \/>\n<meta property=\"og:url\" content=\"https:\/\/cpa-solutions.com\/\" \/>\n<meta property=\"og:site_name\" content=\"cpai-solutions.com\" \/>\n<meta property=\"article:modified_time\" content=\"2025-06-22T00:15:14+00:00\" \/>\n<meta property=\"og:image\" content=\"https:\/\/cpa-solutions.com\/wp-content\/uploads\/2023\/07\/robot-removebg-preview-edited.png\" \/>\n\t<meta property=\"og:image:width\" content=\"433\" \/>\n\t<meta property=\"og:image:height\" content=\"433\" \/>\n\t<meta property=\"og:image:type\" content=\"image\/png\" \/>\n<meta name=\"twitter:card\" content=\"summary_large_image\" \/>\n<meta name=\"twitter:label1\" content=\"Tiempo de lectura\" \/>\n\t<meta name=\"twitter:data1\" content=\"2 minutos\" \/>\n<script type=\"application\/ld+json\" class=\"yoast-schema-graph\">{\"@context\":\"https:\/\/schema.org\",\"@graph\":[{\"@type\":\"WebPage\",\"@id\":\"https:\/\/cpa-solutions.com\/\",\"url\":\"https:\/\/cpa-solutions.com\/\",\"name\":\"Home - cpai-solutions.com\",\"isPartOf\":{\"@id\":\"https:\/\/cpa-solutions.com\/#website\"},\"primaryImageOfPage\":{\"@id\":\"https:\/\/cpa-solutions.com\/#primaryimage\"},\"image\":{\"@id\":\"https:\/\/cpa-solutions.com\/#primaryimage\"},\"thumbnailUrl\":\"https:\/\/cpa-solutions.com\/wp-content\/uploads\/2023\/07\/robot-removebg-preview-edited.png\",\"datePublished\":\"2021-06-29T05:54:17+00:00\",\"dateModified\":\"2025-06-22T00:15:14+00:00\",\"description\":\"We are your strategic ally, boosting your finances with professionalism and allowing you to take control of your company.\",\"breadcrumb\":{\"@id\":\"https:\/\/cpa-solutions.com\/#breadcrumb\"},\"inLanguage\":\"es\",\"potentialAction\":[{\"@type\":\"ReadAction\",\"target\":[\"https:\/\/cpa-solutions.com\/\"]}]},{\"@type\":\"ImageObject\",\"inLanguage\":\"es\",\"@id\":\"https:\/\/cpa-solutions.com\/#primaryimage\",\"url\":\"https:\/\/cpa-solutions.com\/wp-content\/uploads\/2023\/07\/robot-removebg-preview-edited.png\",\"contentUrl\":\"https:\/\/cpa-solutions.com\/wp-content\/uploads\/2023\/07\/robot-removebg-preview-edited.png\",\"width\":433,\"height\":433},{\"@type\":\"BreadcrumbList\",\"@id\":\"https:\/\/cpa-solutions.com\/#breadcrumb\",\"itemListElement\":[{\"@type\":\"ListItem\",\"position\":1,\"name\":\"Portada\",\"item\":\"https:\/\/cpa-solutions.com\/\"},{\"@type\":\"ListItem\",\"position\":2,\"name\":\"Home\"}]},{\"@type\":\"WebSite\",\"@id\":\"https:\/\/cpa-solutions.com\/#website\",\"url\":\"https:\/\/cpa-solutions.com\/\",\"name\":\"cpa-solutions.com\",\"description\":\"\",\"publisher\":{\"@id\":\"https:\/\/cpa-solutions.com\/#organization\"},\"potentialAction\":[{\"@type\":\"SearchAction\",\"target\":{\"@type\":\"EntryPoint\",\"urlTemplate\":\"https:\/\/cpa-solutions.com\/?s={search_term_string}\"},\"query-input\":{\"@type\":\"PropertyValueSpecification\",\"valueRequired\":true,\"valueName\":\"search_term_string\"}}],\"inLanguage\":\"es\"},{\"@type\":\"Organization\",\"@id\":\"https:\/\/cpa-solutions.com\/#organization\",\"name\":\"cpa-solutions.com\",\"url\":\"https:\/\/cpa-solutions.com\/\",\"logo\":{\"@type\":\"ImageObject\",\"inLanguage\":\"es\",\"@id\":\"https:\/\/cpa-solutions.com\/#\/schema\/logo\/image\/\",\"url\":\"https:\/\/cpa-solutions.com\/wp-content\/uploads\/2026\/02\/cropped-cropped-cropped-CPAi-solutions-logo-e1770159195975.png\",\"contentUrl\":\"https:\/\/cpa-solutions.com\/wp-content\/uploads\/2026\/02\/cropped-cropped-cropped-CPAi-solutions-logo-e1770159195975.png\",\"width\":399,\"height\":200,\"caption\":\"cpa-solutions.com\"},\"image\":{\"@id\":\"https:\/\/cpa-solutions.com\/#\/schema\/logo\/image\/\"}}]}<\/script>\n<!-- \/ Yoast SEO plugin. -->","yoast_head_json":{"title":"Home - cpai-solutions.com","description":"We are your strategic ally, boosting your finances with professionalism and allowing you to take control of your company.","robots":{"index":"index","follow":"follow","max-snippet":"max-snippet:-1","max-image-preview":"max-image-preview:large","max-video-preview":"max-video-preview:-1"},"canonical":"https:\/\/cpa-solutions.com\/","og_locale":"es_ES","og_type":"article","og_title":"Home - cpai-solutions.com","og_description":"We are your strategic ally, boosting your finances with professionalism and allowing you to take control of your company.","og_url":"https:\/\/cpa-solutions.com\/","og_site_name":"cpai-solutions.com","article_modified_time":"2025-06-22T00:15:14+00:00","og_image":[{"width":433,"height":433,"url":"https:\/\/cpa-solutions.com\/wp-content\/uploads\/2023\/07\/robot-removebg-preview-edited.png","type":"image\/png"}],"twitter_card":"summary_large_image","twitter_misc":{"Tiempo de lectura":"2 minutos"},"schema":{"@context":"https:\/\/schema.org","@graph":[{"@type":"WebPage","@id":"https:\/\/cpa-solutions.com\/","url":"https:\/\/cpa-solutions.com\/","name":"Home - cpai-solutions.com","isPartOf":{"@id":"https:\/\/cpa-solutions.com\/#website"},"primaryImageOfPage":{"@id":"https:\/\/cpa-solutions.com\/#primaryimage"},"image":{"@id":"https:\/\/cpa-solutions.com\/#primaryimage"},"thumbnailUrl":"https:\/\/cpa-solutions.com\/wp-content\/uploads\/2023\/07\/robot-removebg-preview-edited.png","datePublished":"2021-06-29T05:54:17+00:00","dateModified":"2025-06-22T00:15:14+00:00","description":"We are your strategic ally, boosting your finances with professionalism and allowing you to take control of your company.","breadcrumb":{"@id":"https:\/\/cpa-solutions.com\/#breadcrumb"},"inLanguage":"es","potentialAction":[{"@type":"ReadAction","target":["https:\/\/cpa-solutions.com\/"]}]},{"@type":"ImageObject","inLanguage":"es","@id":"https:\/\/cpa-solutions.com\/#primaryimage","url":"https:\/\/cpa-solutions.com\/wp-content\/uploads\/2023\/07\/robot-removebg-preview-edited.png","contentUrl":"https:\/\/cpa-solutions.com\/wp-content\/uploads\/2023\/07\/robot-removebg-preview-edited.png","width":433,"height":433},{"@type":"BreadcrumbList","@id":"https:\/\/cpa-solutions.com\/#breadcrumb","itemListElement":[{"@type":"ListItem","position":1,"name":"Portada","item":"https:\/\/cpa-solutions.com\/"},{"@type":"ListItem","position":2,"name":"Home"}]},{"@type":"WebSite","@id":"https:\/\/cpa-solutions.com\/#website","url":"https:\/\/cpa-solutions.com\/","name":"cpa-solutions.com","description":"","publisher":{"@id":"https:\/\/cpa-solutions.com\/#organization"},"potentialAction":[{"@type":"SearchAction","target":{"@type":"EntryPoint","urlTemplate":"https:\/\/cpa-solutions.com\/?s={search_term_string}"},"query-input":{"@type":"PropertyValueSpecification","valueRequired":true,"valueName":"search_term_string"}}],"inLanguage":"es"},{"@type":"Organization","@id":"https:\/\/cpa-solutions.com\/#organization","name":"cpa-solutions.com","url":"https:\/\/cpa-solutions.com\/","logo":{"@type":"ImageObject","inLanguage":"es","@id":"https:\/\/cpa-solutions.com\/#\/schema\/logo\/image\/","url":"https:\/\/cpa-solutions.com\/wp-content\/uploads\/2026\/02\/cropped-cropped-cropped-CPAi-solutions-logo-e1770159195975.png","contentUrl":"https:\/\/cpa-solutions.com\/wp-content\/uploads\/2026\/02\/cropped-cropped-cropped-CPAi-solutions-logo-e1770159195975.png","width":399,"height":200,"caption":"cpa-solutions.com"},"image":{"@id":"https:\/\/cpa-solutions.com\/#\/schema\/logo\/image\/"}}]}},"uagb_featured_image_src":{"full":false,"thumbnail":false,"medium":false,"medium_large":false,"large":false,"1536x1536":false,"2048x2048":false},"uagb_author_info":{"display_name":"cpa-solutions.com","author_link":"https:\/\/cpa-solutions.com\/?author=1"},"uagb_comment_info":0,"uagb_excerpt":null,"_links":{"self":[{"href":"https:\/\/cpa-solutions.com\/index.php?rest_route=\/wp\/v2\/pages\/882","targetHints":{"allow":["GET"]}}],"collection":[{"href":"https:\/\/cpa-solutions.com\/index.php?rest_route=\/wp\/v2\/pages"}],"about":[{"href":"https:\/\/cpa-solutions.com\/index.php?rest_route=\/wp\/v2\/types\/page"}],"author":[{"embeddable":true,"href":"https:\/\/cpa-solutions.com\/index.php?rest_route=\/wp\/v2\/users\/1"}],"replies":[{"embeddable":true,"href":"https:\/\/cpa-solutions.com\/index.php?rest_route=%2Fwp%2Fv2%2Fcomments&post=882"}],"version-history":[{"count":13,"href":"https:\/\/cpa-solutions.com\/index.php?rest_route=\/wp\/v2\/pages\/882\/revisions"}],"predecessor-version":[{"id":1038,"href":"https:\/\/cpa-solutions.com\/index.php?rest_route=\/wp\/v2\/pages\/882\/revisions\/1038"}],"wp:attachment":[{"href":"https:\/\/cpa-solutions.com\/index.php?rest_route=%2Fwp%2Fv2%2Fmedia&parent=882"}],"curies":[{"name":"wp","href":"https:\/\/api.w.org\/{rel}","templated":true}]}}